{"id":21,"date":"2022-02-02T11:03:46","date_gmt":"2022-02-02T11:03:46","guid":{"rendered":"https:\/\/eightmo.com\/?page_id=21"},"modified":"2022-10-28T02:49:27","modified_gmt":"2022-10-28T02:49:27","slug":"about-us","status":"publish","type":"page","link":"https:\/\/eightmo.com\/br\/about-us\/","title":{"rendered":"Sobre N\u00f3s"},"content":{"rendered":"<blockquote><p>Torne suas compras de estilo de vida f\u00e1ceis, divertidas, emocionantes e muito mais!<\/p><\/blockquote>\n<p><a href=\"https:\/\/eightmo.com\/br\/\"><em>Eightmo<\/em><\/a> onde voc\u00ea compartilha dicas \u00fateis e obt\u00e9m as melhores ofertas que voc\u00ea pode ter enquanto faz compras online. Vamos destacar as necessidades de compras masculinas e femininas e onde obter as melhores ofertas de compras para ajudar a melhorar sua moda e estilo de vida. Tamb\u00e9m queremos compartilhar sobre <a href=\"https:\/\/eightmo.com\/br\/\"><em><strong>roupas e acess\u00f3rios<\/strong><\/em><\/a>, aparelhos eletr\u00f4nicos, casa e vida, beleza e cuidados para alcan\u00e7ar a apar\u00eancia elegante que homens e mulheres sempre quiseram.<\/p>\n<p>O <a href=\"https:\/\/eightmo.com\/br\/\"><strong>Eightmo.com<\/strong><\/a> \u00e9 principalmente um site de blog que se concentra em se tornar um excelente guia para pessoas interessadas em compras de estilo de vida, roupas e acess\u00f3rios de moda, gadgets, casa e vida e beleza e sa\u00fade pessoais por meio das \u00faltimas tend\u00eancias do mundo das compras &amp; moda dispon\u00edvel para todas as idades.<\/p>\n","protected":false},"excerpt":{"rendered":"<p>Torne suas compras de estilo de vida f\u00e1ceis, divertidas, emocionantes e muito mais! Eightmo onde voc\u00ea compartilha dicas \u00fateis e obt\u00e9m as melhores ofertas que voc\u00ea pode ter enquanto faz&hellip;<\/p>\n","protected":false},"author":1,"featured_media":0,"parent":0,"menu_order":0,"comment_status":"closed","ping_status":"closed","template":"","meta":{"footnotes":""},"class_list":["post-21","page","type-page","status-publish"],"_links":{"self":[{"href":"https:\/\/eightmo.com\/br\/wp-json\/wp\/v2\/pages\/21","targetHints":{"allow":["GET"]}}],"collection":[{"href":"https:\/\/eightmo.com\/br\/wp-json\/wp\/v2\/pages"}],"about":[{"href":"https:\/\/eightmo.com\/br\/wp-json\/wp\/v2\/types\/page"}],"author":[{"embeddable":true,"href":"https:\/\/eightmo.com\/br\/wp-json\/wp\/v2\/users\/1"}],"replies":[{"embeddable":true,"href":"https:\/\/eightmo.com\/br\/wp-json\/wp\/v2\/comments?post=21"}],"version-history":[{"count":3,"href":"https:\/\/eightmo.com\/br\/wp-json\/wp\/v2\/pages\/21\/revisions"}],"predecessor-version":[{"id":607,"href":"https:\/\/eightmo.com\/br\/wp-json\/wp\/v2\/pages\/21\/revisions\/607"}],"wp:attachment":[{"href":"https:\/\/eightmo.com\/br\/wp-json\/wp\/v2\/media?parent=21"}],"curies":[{"name":"wp","href":"https:\/\/api.w.org\/{rel}","templated":true}]}}