{"id":21,"date":"2022-02-02T11:03:46","date_gmt":"2022-02-02T11:03:46","guid":{"rendered":"https:\/\/eightmo.com\/de\/uber-uns"},"modified":"2022-10-28T08:06:53","modified_gmt":"2022-10-28T08:06:53","slug":"uber-uns","status":"publish","type":"page","link":"https:\/\/eightmo.com\/de\/uber-uns\/","title":{"rendered":"\u00dcber uns"},"content":{"rendered":"<blockquote>\n<p style=\"text-align: center;\">Machen Sie Ihr Lifestyle-Shopping einfach lustig, aufregend und mehr!<\/p>\n<\/blockquote>\n<p><a href=\"https:\/\/eightmo.com\/\"><em>Eightmo<\/em><\/a>, wo Sie n\u00fctzliche Tipps teilen und die besten Angebote erhalten, die Sie beim Online-Einkauf haben k\u00f6nnen. Wir werden die Einkaufsbed\u00fcrfnisse von M\u00e4nnern und Frauen hervorheben und zeigen, wo sie die besten Einkaufsangebote erhalten, um ihre Mode und ihren Lebensstil zu verbessern. Wir m\u00f6chten auch <a href=\"https:\/\/eightmo.com\/\"><em>\u00fcber Kleidung und Accessoires<\/em><\/a>,<a href=\"https:\/\/eightmo.com\/\"><em> elektronische Ger\u00e4te<\/em><\/a>, <a href=\"https:\/\/eightmo.com\/\"><em>Heim und Leben<\/em><\/a>, <a href=\"https:\/\/eightmo.com\/\"><em>Sch\u00f6nheit und Pflege berichten<\/em><\/a>, um den stilvollen Look zu erzielen, den M\u00e4nner und Frauen sich immer gew\u00fcnscht haben.<\/p>\n<p>The <a href=\"https:\/\/eightmo.com\/\"><strong>Eightmo.com<\/strong><\/a> ist haupts\u00e4chlich eine Blog-Website, die sich darauf konzentriert, anhand der neuesten Trends in der Welt des Einkaufens ein hervorragender Leitfaden f\u00fcr Menschen zu werden, die sich f\u00fcr <a href=\"https:\/\/eightmo.com\/\"><em>Lifestyle-Shopping<\/em><\/a>, modische Kleidung und Accessoires, Gadgets, Heim und Leben sowie pers\u00f6nliche Sch\u00f6nheit und Gesundheit interessieren &amp; Mode f\u00fcr alle Altersgruppen.<\/p>\n","protected":false},"excerpt":{"rendered":"<p>Machen Sie Ihr Lifestyle-Shopping einfach lustig, aufregend und mehr! Eightmo, wo Sie n\u00fctzliche Tipps teilen und die besten Angebote erhalten, die Sie beim Online-Einkauf haben k\u00f6nnen. Wir werden die Einkaufsbed\u00fcrfnisse&hellip;<\/p>\n","protected":false},"author":1,"featured_media":0,"parent":0,"menu_order":0,"comment_status":"closed","ping_status":"closed","template":"","meta":{"footnotes":""},"class_list":["post-21","page","type-page","status-publish"],"_links":{"self":[{"href":"https:\/\/eightmo.com\/de\/wp-json\/wp\/v2\/pages\/21","targetHints":{"allow":["GET"]}}],"collection":[{"href":"https:\/\/eightmo.com\/de\/wp-json\/wp\/v2\/pages"}],"about":[{"href":"https:\/\/eightmo.com\/de\/wp-json\/wp\/v2\/types\/page"}],"author":[{"embeddable":true,"href":"https:\/\/eightmo.com\/de\/wp-json\/wp\/v2\/users\/1"}],"replies":[{"embeddable":true,"href":"https:\/\/eightmo.com\/de\/wp-json\/wp\/v2\/comments?post=21"}],"version-history":[{"count":4,"href":"https:\/\/eightmo.com\/de\/wp-json\/wp\/v2\/pages\/21\/revisions"}],"predecessor-version":[{"id":514,"href":"https:\/\/eightmo.com\/de\/wp-json\/wp\/v2\/pages\/21\/revisions\/514"}],"wp:attachment":[{"href":"https:\/\/eightmo.com\/de\/wp-json\/wp\/v2\/media?parent=21"}],"curies":[{"name":"wp","href":"https:\/\/api.w.org\/{rel}","templated":true}]}}