{"id":28,"date":"2022-02-02T11:09:02","date_gmt":"2022-02-02T11:09:02","guid":{"rendered":"https:\/\/eightmo.com\/de\/haftungsausschluss-und-offenlegungsrichtlinie"},"modified":"2022-10-28T08:00:01","modified_gmt":"2022-10-28T08:00:01","slug":"haftungsausschluss-und-offenlegungsrichtlinie","status":"publish","type":"page","link":"https:\/\/eightmo.com\/de\/haftungsausschluss-und-offenlegungsrichtlinie\/","title":{"rendered":"Haftungsausschluss und Offenlegungsrichtlinie"},"content":{"rendered":"<h3 class=\"entry-title\">G\u00fcltig ab: 22. Februar 2022<\/h3>\n<p>Eightmo.com ist Teil des von Yeeti Tech verwalteten Blog-Netzwerks. Dieser Blog akzeptiert Formen der Geldwerbung, des Sponsorings, der bezahlten Einf\u00fcgungen oder anderer Formen der Verg\u00fctung. Die erhaltene Verg\u00fctung wird niemals die Inhalte, Themen oder Beitr\u00e4ge in diesem Blog beeinflussen. Alle Werbung erfolgt in Form von Anzeigen, die von Werbenetzwerken Dritter generiert werden, mit denen wir zusammenarbeiten. Diese Anzeigen werden als bezahlte Anzeigen identifiziert.<\/p>\n<p>Bitte beachten Sie, dass Eightmo.com Marketing- und Werbebeziehungen mit einigen der in unserem Blog erw\u00e4hnten H\u00e4ndler unterh\u00e4lt. Wir k\u00f6nnen entsch\u00e4digt werden, wenn Verbraucher sich daf\u00fcr entscheiden, die Links zu nutzen, die sich im gesamten Inhalt dieser Website befinden, und Verk\u00e4ufe f\u00fcr den besagten H\u00e4ndler generieren.<\/p>\n<p>Von Zeit zu Zeit werden wir auch daf\u00fcr bezahlt, Meinungen zu Produkten, Dienstleistungen, Websites und verschiedenen anderen Themen abzugeben.\u00a0Auch wenn wir f\u00fcr bestimmte Beitr\u00e4ge oder Anzeigen eine Verg\u00fctung erhalten, geben wir immer unsere ehrlichen Meinungen, Erkenntnisse, \u00dcberzeugungen oder Erfahrungen zu diesen Themen oder Produkten wieder.\u00a0Die in diesem Blog ge\u00e4u\u00dferten Ansichten und Meinungen sind ausschlie\u00dflich die eigenen der Blogger.\u00a0Alle Produktaussagen, Statistiken, Zitate oder sonstigen Darstellungen zu einem Produkt oder einer Dienstleistung sollten mit dem betreffenden Hersteller, Anbieter oder der betreffenden Partei verifiziert werden.<\/p>\n<p>Wir k\u00f6nnen uns auch als Partner bei verschiedenen Partnerseiten wie dem Partnerprogramm von Amazon Services LLC anmelden.\u00a0Sie sind Affiliate-Werbeprogramme, die entwickelt wurden, um uns die M\u00f6glichkeit zu geben, Geb\u00fchren zu verdienen, indem wir auf Amazon.com und andere verbundene Websites verlinken.\u00a0Wir k\u00f6nnen auch als Affiliate im Institute for Integrative Nutrition oder anderen Partnerprogramm-Netzwerken f\u00fcr Gesundheit und Wellness arbeiten.\u00a0Meinungen in diesem Blog sind nicht als medizinische oder professionelle Ratschl\u00e4ge f\u00fcr Gesundheitsf\u00fcrsprecher gedacht.\u00a0Sie sollten immer einen Arzt konsultieren, bevor Sie bestimmte medizinische oder gesundheitliche Entscheidungen treffen. Dieser Blog enth\u00e4lt keine Inhalte, die einen Interessenkonflikt darstellen k\u00f6nnten.<\/p>\n<p><strong>Sicherheit<\/strong><\/p>\n<p>Wir setzen uns daf\u00fcr ein, dass Ihre Informationen sicher sind.\u00a0Um unbefugten Zugriff oder Offenlegung zu verhindern, haben wir geeignete physische, elektronische und verwaltungstechnische Verfahren zum Schutz und zur Sicherung der von uns online gesammelten Informationen eingerichtet.<\/p>\n<p>Wenn Sie Fragen zu diesem Haftungsausschluss haben, k\u00f6nnen Sie eine E-Mail an info@realtimebidding.org senden<\/p>\n","protected":false},"excerpt":{"rendered":"<p>G\u00fcltig ab: 22. Februar 2022 Eightmo.com ist Teil des von Yeeti Tech verwalteten Blog-Netzwerks. Dieser Blog akzeptiert Formen der Geldwerbung, des Sponsorings, der bezahlten Einf\u00fcgungen oder anderer Formen der Verg\u00fctung.&hellip;<\/p>\n","protected":false},"author":1,"featured_media":0,"parent":0,"menu_order":0,"comment_status":"closed","ping_status":"closed","template":"","meta":{"footnotes":""},"class_list":["post-28","page","type-page","status-publish"],"_links":{"self":[{"href":"https:\/\/eightmo.com\/de\/wp-json\/wp\/v2\/pages\/28","targetHints":{"allow":["GET"]}}],"collection":[{"href":"https:\/\/eightmo.com\/de\/wp-json\/wp\/v2\/pages"}],"about":[{"href":"https:\/\/eightmo.com\/de\/wp-json\/wp\/v2\/types\/page"}],"author":[{"embeddable":true,"href":"https:\/\/eightmo.com\/de\/wp-json\/wp\/v2\/users\/1"}],"replies":[{"embeddable":true,"href":"https:\/\/eightmo.com\/de\/wp-json\/wp\/v2\/comments?post=28"}],"version-history":[{"count":2,"href":"https:\/\/eightmo.com\/de\/wp-json\/wp\/v2\/pages\/28\/revisions"}],"predecessor-version":[{"id":508,"href":"https:\/\/eightmo.com\/de\/wp-json\/wp\/v2\/pages\/28\/revisions\/508"}],"wp:attachment":[{"href":"https:\/\/eightmo.com\/de\/wp-json\/wp\/v2\/media?parent=28"}],"curies":[{"name":"wp","href":"https:\/\/api.w.org\/{rel}","templated":true}]}}