{"id":21,"date":"2022-02-02T11:03:46","date_gmt":"2022-02-02T11:03:46","guid":{"rendered":"https:\/\/eightmo.com\/?page_id=21"},"modified":"2022-10-28T06:36:37","modified_gmt":"2022-10-28T06:36:37","slug":"about-us","status":"publish","type":"page","link":"https:\/\/eightmo.com\/es\/about-us\/","title":{"rendered":"Sobre Nosotros"},"content":{"rendered":"<blockquote>\n<p style=\"text-align: center;\">\u00a1Haz que tus compras de estilo de vida sean f\u00e1ciles, divertidas, emocionantes y m\u00e1s!<\/p>\n<\/blockquote>\n<p><a href=\"https:\/\/eightmo.com\/es\/\"><em>Eightmo<\/em><\/a> donde comparte consejos \u00fatiles y obtiene las mejores ofertas que puede tener mientras compra en l\u00ednea. Destacaremos las necesidades de compras de hombres y mujeres y d\u00f3nde obtener las mejores ofertas de compras para ayudar a mejorar su moda y estilo de vida. Tambi\u00e9n queremos compartir informaci\u00f3n <a href=\"https:\/\/eightmo.com\/es\/\"><em>sobre ropa y accesorios<\/em><\/a>, <a href=\"https:\/\/eightmo.com\/es\/\"><em>aparatos electr\u00f3nico<\/em><\/a>s, <a href=\"https:\/\/eightmo.com\/es\/\"><em>hogar y vida<\/em><\/a>, <a href=\"https:\/\/eightmo.com\/es\/\"><em>belleza y cuidado para lograr<\/em> <\/a>la apariencia elegante que hombres y mujeres siempre quisieron.<\/p>\n<p><a href=\"https:\/\/eightmo.com\/es\/\"><strong>Eightmo.com<\/strong><\/a> es principalmente un sitio web de blog que se enfoca en convertirse en una excelente gu\u00eda para las personas interesadas en compras de estilo de vida, ropa y accesorios de moda, gadgets, hogar y vida, y salud y belleza personal a trav\u00e9s de las \u00faltimas tendencias en el mundo de las compras. y moda disponible para todas las edades.<\/p>\n","protected":false},"excerpt":{"rendered":"<p>\u00a1Haz que tus compras de estilo de vida sean f\u00e1ciles, divertidas, emocionantes y m\u00e1s! Eightmo donde comparte consejos \u00fatiles y obtiene las mejores ofertas que puede tener mientras compra en&hellip;<\/p>\n","protected":false},"author":1,"featured_media":0,"parent":0,"menu_order":0,"comment_status":"closed","ping_status":"closed","template":"","meta":{"footnotes":""},"class_list":["post-21","page","type-page","status-publish"],"_links":{"self":[{"href":"https:\/\/eightmo.com\/es\/wp-json\/wp\/v2\/pages\/21","targetHints":{"allow":["GET"]}}],"collection":[{"href":"https:\/\/eightmo.com\/es\/wp-json\/wp\/v2\/pages"}],"about":[{"href":"https:\/\/eightmo.com\/es\/wp-json\/wp\/v2\/types\/page"}],"author":[{"embeddable":true,"href":"https:\/\/eightmo.com\/es\/wp-json\/wp\/v2\/users\/1"}],"replies":[{"embeddable":true,"href":"https:\/\/eightmo.com\/es\/wp-json\/wp\/v2\/comments?post=21"}],"version-history":[{"count":6,"href":"https:\/\/eightmo.com\/es\/wp-json\/wp\/v2\/pages\/21\/revisions"}],"predecessor-version":[{"id":424,"href":"https:\/\/eightmo.com\/es\/wp-json\/wp\/v2\/pages\/21\/revisions\/424"}],"wp:attachment":[{"href":"https:\/\/eightmo.com\/es\/wp-json\/wp\/v2\/media?parent=21"}],"curies":[{"name":"wp","href":"https:\/\/api.w.org\/{rel}","templated":true}]}}