{"id":21,"date":"2022-02-02T11:03:46","date_gmt":"2022-02-02T11:03:46","guid":{"rendered":"https:\/\/eightmo.com\/?page_id=21"},"modified":"2022-10-28T03:09:45","modified_gmt":"2022-10-28T03:09:45","slug":"about-us","status":"publish","type":"page","link":"https:\/\/eightmo.com\/fr\/about-us\/","title":{"rendered":"\u00c0 Propos de Nous"},"content":{"rendered":"<blockquote><p>Rendez votre Shopping Lifestyle facile, amusant, excitant et plus encore !<\/p><\/blockquote>\n<p><a href=\"https:\/\/eightmo.com\/fr\/\"><em>Eightmo<\/em><\/a> o\u00f9 vous partagez des conseils utiles et obtenez les meilleures offres que vous pouvez avoir pendant que vous magasinez en ligne. Nous mettrons en \u00e9vidence les besoins d&#8217;achat des hommes et des femmes et o\u00f9 trouver les meilleures offres d&#8217;achat pour <a href=\"https:\/\/eightmo.com\/fr\/\"><em>les aider \u00e0 am\u00e9liorer leur mode<\/em><\/a> et <a href=\"https:\/\/eightmo.com\/fr\/\"><em>leur style de vie<\/em><\/a>. Nous voulons \u00e9galement partager sur l<a href=\"https:\/\/eightmo.com\/fr\/\"><em>es v\u00eatements et accessoires<\/em><\/a>,<a href=\"https:\/\/eightmo.com\/fr\/\"> <em>les gadgets \u00e9lectroniques<\/em><\/a>, <a href=\"https:\/\/eightmo.com\/fr\/\"><em>la maison et la vie<\/em><\/a>, <a href=\"https:\/\/eightmo.com\/fr\/\"><em>la beaut\u00e9 et les soins pour<\/em><\/a> obtenir les looks \u00e9l\u00e9gants que les hommes et les femmes ont toujours voulus.<\/p>\n<p><a href=\"https:\/\/eightmo.com\/fr\/\"><strong>Eightmo.com<\/strong><\/a> est principalement un blog qui vise \u00e0 devenir un excellent guide pour les personnes int\u00e9ress\u00e9es par le shopping lifestyle, les v\u00eatements et accessoires de mode, les gadgets, la maison et la vie et la beaut\u00e9 et la sant\u00e9 personnelles au moyen des derni\u00e8res tendances du monde du shopping. &amp; mode disponible pour tous les \u00e2ges.<\/p>\n","protected":false},"excerpt":{"rendered":"<p>Rendez votre Shopping Lifestyle facile, amusant, excitant et plus encore ! Eightmo o\u00f9 vous partagez des conseils utiles et obtenez les meilleures offres que vous pouvez avoir pendant que vous&hellip;<\/p>\n","protected":false},"author":1,"featured_media":0,"parent":0,"menu_order":0,"comment_status":"closed","ping_status":"closed","template":"","meta":{"footnotes":""},"class_list":["post-21","page","type-page","status-publish"],"_links":{"self":[{"href":"https:\/\/eightmo.com\/fr\/wp-json\/wp\/v2\/pages\/21","targetHints":{"allow":["GET"]}}],"collection":[{"href":"https:\/\/eightmo.com\/fr\/wp-json\/wp\/v2\/pages"}],"about":[{"href":"https:\/\/eightmo.com\/fr\/wp-json\/wp\/v2\/types\/page"}],"author":[{"embeddable":true,"href":"https:\/\/eightmo.com\/fr\/wp-json\/wp\/v2\/users\/1"}],"replies":[{"embeddable":true,"href":"https:\/\/eightmo.com\/fr\/wp-json\/wp\/v2\/comments?post=21"}],"version-history":[{"count":6,"href":"https:\/\/eightmo.com\/fr\/wp-json\/wp\/v2\/pages\/21\/revisions"}],"predecessor-version":[{"id":442,"href":"https:\/\/eightmo.com\/fr\/wp-json\/wp\/v2\/pages\/21\/revisions\/442"}],"wp:attachment":[{"href":"https:\/\/eightmo.com\/fr\/wp-json\/wp\/v2\/media?parent=21"}],"curies":[{"name":"wp","href":"https:\/\/api.w.org\/{rel}","templated":true}]}}