{"id":21,"date":"2022-02-02T11:03:46","date_gmt":"2022-02-02T11:03:46","guid":{"rendered":"https:\/\/eightmo.com\/?page_id=21"},"modified":"2022-10-31T07:37:38","modified_gmt":"2022-10-31T07:37:38","slug":"about-us","status":"publish","type":"page","link":"https:\/\/eightmo.com\/pl\/about-us\/","title":{"rendered":"O nas"},"content":{"rendered":"<blockquote><p>Spraw, aby Twoje Zakupy Lifestyle by\u0142y \u0142atwe, ekscytuj\u0105ce i nie tylko!<\/p><\/blockquote>\n<p><a href=\"https:\/\/eightmo.com\/pl\/\"><em>Eightmo<\/em><\/a>, w kt\u00f3rym dzielisz si\u0119 przydatnymi wskaz\u00f3wkami i uzyskujesz najlepsze oferty, jakie mo\u017cesz mie\u0107 podczas zakup\u00f3w online. Zwr\u00f3cimy uwag\u0119 na potrzeby zakupowe m\u0119\u017cczyzn i kobiet oraz gdzie mo\u017cna uzyska\u0107 najlepsze oferty zakup\u00f3w, aby poprawi\u0107 ich mod\u0119 i styl \u017cycia. Chcemy r\u00f3wnie\u017c dzieli\u0107 si\u0119 <a href=\"https:\/\/eightmo.com\/pl\/\"><em>ubraniami i akcesoriami<\/em><\/a>, <a href=\"https:\/\/eightmo.com\/pl\/\"><em>gad\u017cetami elektronicznymi<\/em><\/a>, <a href=\"https:\/\/eightmo.com\/pl\/\"><em>domem i \u017cyciem<\/em><\/a>, <a href=\"https:\/\/eightmo.com\/pl\/\"><em>urod\u0105 i piel\u0119gnacj\u0105<\/em><\/a>, <a href=\"https:\/\/eightmo.com\/pl\/\"><em>aby uzyska\u0107 elegancki wygl\u0105d<\/em><\/a>, kt\u00f3rego zawsze pragn\u0119li m\u0119\u017cczy\u017ani i kobiety.<\/p>\n<p><a href=\"https:\/\/eightmo.com\/pl\/\"><strong>Eightmo.com<\/strong><\/a> to przede wszystkim strona blogowa, kt\u00f3ra ma na celu sta\u0107 si\u0119 doskona\u0142ym przewodnikiem dla os\u00f3b zainteresowanych zakupami Lifestyle, mod\u0105 odzie\u017c\u0105 i akcesoriami, gad\u017cetami, domem i mieszkaniem oraz urod\u0105 i zdrowiem osobistym za pomoc\u0105 najnowszych trend\u00f3w w \u015bwiecie zakup\u00f3w i moda dost\u0119pna dla wszystkich grup wiekowych.<\/p>\n","protected":false},"excerpt":{"rendered":"<p>Spraw, aby Twoje Zakupy Lifestyle by\u0142y \u0142atwe, ekscytuj\u0105ce i nie tylko! Eightmo, w kt\u00f3rym dzielisz si\u0119 przydatnymi wskaz\u00f3wkami i uzyskujesz najlepsze oferty, jakie mo\u017cesz mie\u0107 podczas zakup\u00f3w online. Zwr\u00f3cimy uwag\u0119&hellip;<\/p>\n","protected":false},"author":1,"featured_media":0,"parent":0,"menu_order":0,"comment_status":"closed","ping_status":"closed","template":"","meta":{"footnotes":""},"class_list":["post-21","page","type-page","status-publish"],"_links":{"self":[{"href":"https:\/\/eightmo.com\/pl\/wp-json\/wp\/v2\/pages\/21","targetHints":{"allow":["GET"]}}],"collection":[{"href":"https:\/\/eightmo.com\/pl\/wp-json\/wp\/v2\/pages"}],"about":[{"href":"https:\/\/eightmo.com\/pl\/wp-json\/wp\/v2\/types\/page"}],"author":[{"embeddable":true,"href":"https:\/\/eightmo.com\/pl\/wp-json\/wp\/v2\/users\/1"}],"replies":[{"embeddable":true,"href":"https:\/\/eightmo.com\/pl\/wp-json\/wp\/v2\/comments?post=21"}],"version-history":[{"count":3,"href":"https:\/\/eightmo.com\/pl\/wp-json\/wp\/v2\/pages\/21\/revisions"}],"predecessor-version":[{"id":446,"href":"https:\/\/eightmo.com\/pl\/wp-json\/wp\/v2\/pages\/21\/revisions\/446"}],"wp:attachment":[{"href":"https:\/\/eightmo.com\/pl\/wp-json\/wp\/v2\/media?parent=21"}],"curies":[{"name":"wp","href":"https:\/\/api.w.org\/{rel}","templated":true}]}}