{"id":21,"date":"2022-02-02T11:03:46","date_gmt":"2022-02-02T11:03:46","guid":{"rendered":"https:\/\/eightmo.com\/?page_id=21"},"modified":"2022-10-28T03:38:17","modified_gmt":"2022-10-28T03:38:17","slug":"about-us","status":"publish","type":"page","link":"https:\/\/eightmo.com\/tr\/about-us\/","title":{"rendered":"Bizim hakk\u0131m\u0131zda"},"content":{"rendered":"<blockquote><p>Ya\u015fam Tarz\u0131 Al\u0131\u015fveri\u015finizi kolay, e\u011flenceli, heyecanl\u0131 ve daha fazlas\u0131n\u0131 yap\u0131n!<\/p><\/blockquote>\n<p><a href=\"https:\/\/eightmo.com\/tr\/\"><em>Eightmo<\/em><\/a>, faydal\u0131 ipu\u00e7lar\u0131n\u0131 payla\u015ft\u0131\u011f\u0131n\u0131z ve \u00e7evrimi\u00e7i al\u0131\u015fveri\u015f yaparken sahip olabilece\u011finiz en iyi f\u0131rsatlar\u0131 elde etti\u011finiz yer. Erkeklerin ve kad\u0131nlar\u0131n al\u0131\u015fveri\u015f ihtiya\u00e7lar\u0131n\u0131 ve moda ve ya\u015fam tarzlar\u0131n\u0131 iyile\u015ftirmeye yard\u0131mc\u0131 olmak i\u00e7in en iyi al\u0131\u015fveri\u015f f\u0131rsatlar\u0131n\u0131 nereden alacaklar\u0131n\u0131 vurgulayaca\u011f\u0131z. Ayr\u0131ca, Erkekler ve Kad\u0131nlar\u0131n her zaman istedi\u011fi \u015f\u0131k g\u00f6r\u00fcn\u00fcm\u00fc elde etmek i\u00e7in giyim ve aksesuarlar, elektronik aletler, ev ve ya\u015fam, g\u00fczellik ve bak\u0131m hakk\u0131nda da payla\u015fmak istiyoruz.<\/p>\n<p><a href=\"https:\/\/eightmo.com\/tr\/\"><strong>Eightmo.com<\/strong><\/a>, esas olarak, al\u0131\u015fveri\u015f d\u00fcnyas\u0131ndaki en son trendler arac\u0131l\u0131\u011f\u0131yla Ya\u015fam Tarz\u0131 Al\u0131\u015fveri\u015f, Moda Giyim ve Aksesuarlar, Gadget&#8217;lar, Ev ve Ya\u015fam ve Ki\u015fisel G\u00fczellik ve Sa\u011fl\u0131k ile ilgilenen ki\u015filer i\u00e7in m\u00fckemmel bir rehber olmaya odaklanan bir blog sitesidir. &amp; moda her ya\u015f i\u00e7in mevcuttur.<\/p>\n","protected":false},"excerpt":{"rendered":"<p>Ya\u015fam Tarz\u0131 Al\u0131\u015fveri\u015finizi kolay, e\u011flenceli, heyecanl\u0131 ve daha fazlas\u0131n\u0131 yap\u0131n! Eightmo, faydal\u0131 ipu\u00e7lar\u0131n\u0131 payla\u015ft\u0131\u011f\u0131n\u0131z ve \u00e7evrimi\u00e7i al\u0131\u015fveri\u015f yaparken sahip olabilece\u011finiz en iyi f\u0131rsatlar\u0131 elde etti\u011finiz yer. Erkeklerin ve kad\u0131nlar\u0131n al\u0131\u015fveri\u015f&hellip;<\/p>\n","protected":false},"author":1,"featured_media":0,"parent":0,"menu_order":0,"comment_status":"closed","ping_status":"closed","template":"","meta":{"footnotes":""},"class_list":["post-21","page","type-page","status-publish"],"_links":{"self":[{"href":"https:\/\/eightmo.com\/tr\/wp-json\/wp\/v2\/pages\/21","targetHints":{"allow":["GET"]}}],"collection":[{"href":"https:\/\/eightmo.com\/tr\/wp-json\/wp\/v2\/pages"}],"about":[{"href":"https:\/\/eightmo.com\/tr\/wp-json\/wp\/v2\/types\/page"}],"author":[{"embeddable":true,"href":"https:\/\/eightmo.com\/tr\/wp-json\/wp\/v2\/users\/1"}],"replies":[{"embeddable":true,"href":"https:\/\/eightmo.com\/tr\/wp-json\/wp\/v2\/comments?post=21"}],"version-history":[{"count":7,"href":"https:\/\/eightmo.com\/tr\/wp-json\/wp\/v2\/pages\/21\/revisions"}],"predecessor-version":[{"id":427,"href":"https:\/\/eightmo.com\/tr\/wp-json\/wp\/v2\/pages\/21\/revisions\/427"}],"wp:attachment":[{"href":"https:\/\/eightmo.com\/tr\/wp-json\/wp\/v2\/media?parent=21"}],"curies":[{"name":"wp","href":"https:\/\/api.w.org\/{rel}","templated":true}]}}